{"id":76,"date":"2025-03-06T11:13:10","date_gmt":"2025-03-06T11:13:10","guid":{"rendered":"https:\/\/voltaris2.4vlab.org\/?post_type=product&#038;p=76"},"modified":"2025-03-11T11:11:37","modified_gmt":"2025-03-11T11:11:37","slug":"generador-campeon-9306","status":"publish","type":"product","link":"https:\/\/voltaris2.4vlab.org\/?product=generador-campeon-9306","title":{"rendered":"Generador Campe\u00f3n 9306"},"content":{"rendered":"<p><span style=\"font-weight: 400;\">Con una potencia nominal de 700 W y m\u00e1xima de 950 W, este generador port\u00e1til cuenta con un motor de 4 tiempos y un dep\u00f3sito de gasolina de 2,1 litros, ofreciendo una autonom\u00eda de 4 horas. Su nivel de ruido es de 59 dB, siendo adecuado para campamentos y peque\u00f1as necesidades energ\u00e9ticas.<\/span><\/p>\n","protected":false},"excerpt":{"rendered":"<p><span style=\"font-weight: 400;\">Con una potencia nominal de 700 W y m\u00e1xima de 950 W, este generador port\u00e1til cuenta con un motor de 4 tiempos y un dep\u00f3sito de gasolina de 2,1 litros, ofreciendo una autonom\u00eda de 4 horas. Su nivel de ruido es de 59 dB, siendo adecuado para campamentos y peque\u00f1as necesidades energ\u00e9ticas.<\/span><\/p>\n","protected":false},"featured_media":77,"comment_status":"open","ping_status":"closed","template":"","meta":{"site-sidebar-layout":"default","site-content-layout":"","ast-site-content-layout":"","site-content-style":"default","site-sidebar-style":"default","ast-global-header-display":"","ast-banner-title-visibility":"","ast-main-header-display":"","ast-hfb-above-header-display":"","ast-hfb-below-header-display":"","ast-hfb-mobile-header-display":"","site-post-title":"","ast-breadcrumbs-content":"","ast-featured-img":"","footer-sml-layout":"","theme-transparent-header-meta":"","adv-header-id-meta":"","stick-header-meta":"","header-above-stick-meta":"","header-main-stick-meta":"","header-below-stick-meta":"","astra-migrate-meta-layouts":"default","ast-page-background-enabled":"default","ast-page-background-meta":{"desktop":{"background-color":"var(--ast-global-color-5)","background-image":"","background-repeat":"repeat","background-position":"center center","background-size":"auto","background-attachment":"scroll","background-type":"","background-media":"","overlay-type":"","overlay-color":"","overlay-opacity":"","overlay-gradient":""},"tablet":{"background-color":"","background-image":"","background-repeat":"repeat","background-position":"center center","background-size":"auto","background-attachment":"scroll","background-type":"","background-media":"","overlay-type":"","overlay-color":"","overlay-opacity":"","overlay-gradient":""},"mobile":{"background-color":"","background-image":"","background-repeat":"repeat","background-position":"center center","background-size":"auto","background-attachment":"scroll","background-type":"","background-media":"","overlay-type":"","overlay-color":"","overlay-opacity":"","overlay-gradient":""}},"ast-content-background-meta":{"desktop":{"background-color":"var(--ast-global-color-4)","background-image":"","background-repeat":"repeat","background-position":"center center","background-size":"auto","background-attachment":"scroll","background-type":"","background-media":"","overlay-type":"","overlay-color":"","overlay-opacity":"","overlay-gradient":""},"tablet":{"background-color":"var(--ast-global-color-4)","background-image":"","background-repeat":"repeat","background-position":"center center","background-size":"auto","background-attachment":"scroll","background-type":"","background-media":"","overlay-type":"","overlay-color":"","overlay-opacity":"","overlay-gradient":""},"mobile":{"background-color":"var(--ast-global-color-4)","background-image":"","background-repeat":"repeat","background-position":"center center","background-size":"auto","background-attachment":"scroll","background-type":"","background-media":"","overlay-type":"","overlay-color":"","overlay-opacity":"","overlay-gradient":""}}},"product_brand":[28],"product_cat":[17],"product_tag":[],"class_list":{"0":"post-76","1":"product","2":"type-product","3":"status-publish","4":"has-post-thumbnail","6":"product_brand-campeon","7":"product_cat-generador","8":"desktop-align-left","9":"tablet-align-left","10":"mobile-align-left","12":"first","13":"instock","14":"sale","15":"taxable","16":"shipping-taxable","17":"purchasable","18":"product-type-simple"},"_links":{"self":[{"href":"https:\/\/voltaris2.4vlab.org\/index.php?rest_route=\/wp\/v2\/product\/76","targetHints":{"allow":["GET"]}}],"collection":[{"href":"https:\/\/voltaris2.4vlab.org\/index.php?rest_route=\/wp\/v2\/product"}],"about":[{"href":"https:\/\/voltaris2.4vlab.org\/index.php?rest_route=\/wp\/v2\/types\/product"}],"replies":[{"embeddable":true,"href":"https:\/\/voltaris2.4vlab.org\/index.php?rest_route=%2Fwp%2Fv2%2Fcomments&post=76"}],"wp:featuredmedia":[{"embeddable":true,"href":"https:\/\/voltaris2.4vlab.org\/index.php?rest_route=\/wp\/v2\/media\/77"}],"wp:attachment":[{"href":"https:\/\/voltaris2.4vlab.org\/index.php?rest_route=%2Fwp%2Fv2%2Fmedia&parent=76"}],"wp:term":[{"taxonomy":"product_brand","embeddable":true,"href":"https:\/\/voltaris2.4vlab.org\/index.php?rest_route=%2Fwp%2Fv2%2Fproduct_brand&post=76"},{"taxonomy":"product_cat","embeddable":true,"href":"https:\/\/voltaris2.4vlab.org\/index.php?rest_route=%2Fwp%2Fv2%2Fproduct_cat&post=76"},{"taxonomy":"product_tag","embeddable":true,"href":"https:\/\/voltaris2.4vlab.org\/index.php?rest_route=%2Fwp%2Fv2%2Fproduct_tag&post=76"}],"curies":[{"name":"wp","href":"https:\/\/api.w.org\/{rel}","templated":true}]}}